{"id":7620,"date":"2015-02-16T06:10:34","date_gmt":"2015-05-30T13:37:42","guid":{"rendered":"https:\/\/saarteturism.ee\/?post_type=product&#038;p=7620"},"modified":"2021-12-06T12:50:51","modified_gmt":"2021-12-06T10:50:51","slug":"mohni-saare-ekskursioon","status":"publish","type":"product","link":"https:\/\/saarteturism.ee\/en\/toode\/mohni-saare-ekskursioon\/","title":{"rendered":"Mohni saare ekskursioon"},"content":{"rendered":"<p style=\"text-align: center;\"><span style=\"color: #000080;\"><strong>Ekskursiooni orienteeruv ajakava:<\/strong><\/span><\/p>\n<p style=\"text-align: center;\">8.00 V\u00f5tab buss lapsed peale kooli eest ja algab s\u00f5it Viinistusse.<\/p>\n<p style=\"text-align: center;\">9.30 Istume kaatritesse ning Mohni saarele j\u00f5uame ca 15 minutiga.<\/p>\n<p style=\"text-align: center;\">10.15 K\u00f5ik lapsed saarel. Saarel teeme 5,5 kilomeetrise ringi, mille k\u00e4igus tutvume h\u00e4sti s\u00e4ilinud puutumatu looduse, kauniste liivaluidete ning k\u00f5neka vana p\u00e4rnapuuga. Saarel paikneb tuletorn koos huvitava kompleksiga, jaanitule kivi, surnuaed, vanad talukohad ja kivimosaiigid. Saarel peame ka pikniku (v\u00f5i l\u00f5una lisatasu eest Viinistu rannarestos).<\/p>\n<p style=\"text-align: center;\">15.00 Lahkume saarelt.<\/p>\n<p style=\"text-align: center;\">15.45 K\u00f5ik lapsed Viinistul.<\/p>\n<p style=\"text-align: center;\">16.00 Viinistu kunstimuuseumi k\u00fclastus.<\/p>\n<p style=\"text-align: center;\">17.00 Algab tagasis\u00f5it Tallinnasse.<\/p>\n<p style=\"text-align: center;\">18.00 Buss tagasi kooli ees.<\/p>\n<p style=\"text-align: center;\"><strong>Hind:<\/strong> 42\u20ac lapse kohta, 2 \u00f5petajat v\u00f5i saatjat tasuta kaasa.<\/p>\n<p style=\"text-align: center;\"><strong>Hind sisaldab:<\/strong> bussis\u00f5it Tallinnast Viinistusse ja tagasi, laevatransport Mohni saarele ja tagasi, muuseumi k\u00fclastust, reisisaatjat kogu ekskursiooni v\u00e4ltel ja giidi. Pakkumine kehtib grupile alates 24 lapsest. Hind ei sisalda toitlustust, v\u00f5imalik tellida eraldi v\u00f5i v\u00f5tta kaasa oma piknikukorv.<\/p>\n<p style=\"text-align: center;\"><span style=\"color: #000080;\"><strong>Unikaalne v\u00e4ikesaar Mohni on kindlasti k\u00fclastamist v\u00e4\u00e4rt!<\/strong><\/span><\/p>\n<p style=\"text-align: center;\"><strong>K\u00fcsi lisa ja broneeri retk telefonil +372 5812 1080 v\u00f5i e-maili aadressil info@saarteturism.ee\u00a0<\/strong><\/p>\n","protected":false},"excerpt":{"rendered":"<p>Ekskursiooni orienteeruv ajakava: 8.00 V\u00f5tab buss lapsed peale kooli eest ja algab s\u00f5it Viinistusse. 9.30 Istume kaatritesse ning Mohni saarele j\u00f5uame ca 15 minutiga. 10.15 K\u00f5ik lapsed saarel. Saarel teeme 5,5 kilomeetrise ringi, mille k\u00e4igus tutvume h\u00e4sti s\u00e4ilinud puutumatu looduse,&hellip; <\/p>\n","protected":false},"featured_media":10647,"comment_status":"closed","ping_status":"closed","template":"","meta":{"inline_featured_image":false},"product_brand":[],"product_cat":[51],"product_tag":[],"class_list":{"0":"post-7620","1":"product","2":"type-product","3":"status-publish","4":"has-post-thumbnail","6":"product_cat-uncategorized-et","8":"first","9":"instock","10":"shipping-taxable","11":"product-type-simple"},"aioseo_notices":[],"_links":{"self":[{"href":"https:\/\/saarteturism.ee\/en\/wp-json\/wp\/v2\/product\/7620","targetHints":{"allow":["GET"]}}],"collection":[{"href":"https:\/\/saarteturism.ee\/en\/wp-json\/wp\/v2\/product"}],"about":[{"href":"https:\/\/saarteturism.ee\/en\/wp-json\/wp\/v2\/types\/product"}],"replies":[{"embeddable":true,"href":"https:\/\/saarteturism.ee\/en\/wp-json\/wp\/v2\/comments?post=7620"}],"wp:featuredmedia":[{"embeddable":true,"href":"https:\/\/saarteturism.ee\/en\/wp-json\/wp\/v2\/media\/10647"}],"wp:attachment":[{"href":"https:\/\/saarteturism.ee\/en\/wp-json\/wp\/v2\/media?parent=7620"}],"wp:term":[{"taxonomy":"product_brand","embeddable":true,"href":"https:\/\/saarteturism.ee\/en\/wp-json\/wp\/v2\/product_brand?post=7620"},{"taxonomy":"product_cat","embeddable":true,"href":"https:\/\/saarteturism.ee\/en\/wp-json\/wp\/v2\/product_cat?post=7620"},{"taxonomy":"product_tag","embeddable":true,"href":"https:\/\/saarteturism.ee\/en\/wp-json\/wp\/v2\/product_tag?post=7620"}],"curies":[{"name":"wp","href":"https:\/\/api.w.org\/{rel}","templated":true}]}}