{"id":7619,"date":"2015-04-07T20:45:25","date_gmt":"2015-05-30T13:37:05","guid":{"rendered":"https:\/\/saarteturism.ee\/?post_type=product&#038;p=7619"},"modified":"2021-12-06T12:50:05","modified_gmt":"2021-12-06T10:50:05","slug":"aegna-saare-ekskursioon","status":"publish","type":"product","link":"https:\/\/saarteturism.ee\/en\/toode\/aegna-saare-ekskursioon\/","title":{"rendered":"Aegna saare ekskursioon"},"content":{"rendered":"<p style=\"text-align: center;\"><span style=\"color: #000080;\"><strong>Ekskursiooni orienteeruv ajakava:<\/strong><\/span><\/p>\n<p style=\"text-align: center;\">8.00 V\u00f5tab buss lapsed peale kooli eest ja s\u00f5idame sadamasse.<\/p>\n<p style=\"text-align: center;\">9.00 Algab s\u00f5it laevaga Aegnale, mis kestab orienteeruvalt tund aega.<\/p>\n<p style=\"text-align: center;\">10.00 Saabume saarele, kus teeme 5-6 kilomeetri pikkuse matka, mille jooksul n\u00e4eme suurt kivik\u00fclvi ja uudistame v\u00e4ga erip\u00e4rast kalmistut, ammutame v\u00e4ge kivilab\u00fcrindist ning vaatame erinevaid militaarobjekte. Vahepeal m\u00f6\u00f6dume ka n\u00f5iakividest ja tutvume omaaegse kasarmuhoonega. P\u00e4rast seda uurime l\u00e4hemalt rannakaitse patareid. Need asjad uuritud, avaneb meil v\u00f5imalus l\u00e4bida osa \u00fcrgmetsast, kus saame osa v\u00e4ga ehedast puutumata loodusest tuulemurru n\u00e4ol. Jalutades edasi j\u00f5uame v\u00e4lja endisaegse Ohvitseride Kasiino juurde, mis viimati tegutses saarel toitlustuskoha ja majutusasutusena. Peale seda jalutame m\u00f6\u00f6da Kalav\u00e4lja teed sadamasse tagasi ning meie m\u00f5nus matk Aegna saarel ongi j\u00f5udnud l\u00f5pule. Matka vahepeal, sobival ajal, peame ka pikniku.<\/p>\n<p style=\"text-align: center;\">15.00 Lahkume saarelt.<\/p>\n<p style=\"text-align: center;\">16.00 Tagasi mandril, kus vastas buss.<\/p>\n<p style=\"text-align: center;\">16.30 Ekskursiooni l\u00f5pp, buss tagasi kooli ees.<\/p>\n<p style=\"text-align: center;\">NB: T\u00e4pne ajakava s\u00f5ltub kooli asukohast!<\/p>\n<p style=\"text-align: center;\"><strong>Hind:<\/strong> 33\u20ac lapse kohta, 2 \u00f5petajat v\u00f5i saatjat tasuta kaasa.<\/p>\n<p style=\"text-align: center;\"><strong>Hind sisaldab:<\/strong> bussis\u00f5it kooli eest sadamasse ja tagasi, laevatransport Aegna saarele ja tagasi, reisisaatjat kogu<br \/>\nekskursiooni v\u00e4ltel ja giidi. Pakkumine kehtib grupile alates 24 lapsest.<br \/>\nLisainfo: kaasa oma s\u00f6\u00f6k ja jook vms (saarel on vajadusel v\u00f5imalus pudelit t\u00e4ita kaevuveega). Piknikukorvi saab j\u00e4tta sadamas kindlasse kohta hoiule, et ei peaks terve retke ajal k\u00f5ike kaasas tassima, v\u00f5imalus ka kasutada k\u00fclmkappi. Pausi ajal tuuakse k\u00f5ik vajalik piknikukohta.<\/p>\n<p style=\"text-align: center;\"><strong>NB:<\/strong> Saarel puudub kauplus. Riietuda vastavalt ilmastikuoludele ning jalga mugavad jalan\u00f5ud. Tuleb arvestada, et p\u00e4ev on pikk ning suurema osa sellest ajast viibime matkates.<\/p>\n<p style=\"text-align: center;\">Sadamamajas paikneb ka Vabatahtlik Reservp\u00e4\u00e4ster\u00fchm (RPR), kes tagab \u00f6\u00f6p\u00e4evaringse esmaabi.<\/p>\n<p style=\"text-align: center;\"><span style=\"color: #000080;\"><strong>Aegna saar oma mitmekesisusega on kindlasti k\u00fclastamist v\u00e4\u00e4rt!<\/strong><\/span><\/p>\n<p style=\"text-align: center;\"><strong>K\u00fcsi lisa ja broneeri retk telefonil +372 5812 1080 v\u00f5i e-maili aadressil info@saarteturism.ee<\/strong><\/p>\n","protected":false},"excerpt":{"rendered":"<p>Ekskursiooni orienteeruv ajakava: 8.00 V\u00f5tab buss lapsed peale kooli eest ja s\u00f5idame sadamasse. 9.00 Algab s\u00f5it laevaga Aegnale, mis kestab orienteeruvalt tund aega. 10.00 Saabume saarele, kus teeme 5-6 kilomeetri pikkuse matka, mille jooksul n\u00e4eme suurt kivik\u00fclvi ja uudistame v\u00e4ga&hellip; <\/p>\n","protected":false},"featured_media":10446,"comment_status":"closed","ping_status":"closed","template":"","meta":{"inline_featured_image":false},"product_brand":[],"product_cat":[51],"product_tag":[],"class_list":{"0":"post-7619","1":"product","2":"type-product","3":"status-publish","4":"has-post-thumbnail","6":"product_cat-uncategorized-et","8":"first","9":"instock","10":"shipping-taxable","11":"product-type-simple"},"aioseo_notices":[],"_links":{"self":[{"href":"https:\/\/saarteturism.ee\/en\/wp-json\/wp\/v2\/product\/7619","targetHints":{"allow":["GET"]}}],"collection":[{"href":"https:\/\/saarteturism.ee\/en\/wp-json\/wp\/v2\/product"}],"about":[{"href":"https:\/\/saarteturism.ee\/en\/wp-json\/wp\/v2\/types\/product"}],"replies":[{"embeddable":true,"href":"https:\/\/saarteturism.ee\/en\/wp-json\/wp\/v2\/comments?post=7619"}],"wp:featuredmedia":[{"embeddable":true,"href":"https:\/\/saarteturism.ee\/en\/wp-json\/wp\/v2\/media\/10446"}],"wp:attachment":[{"href":"https:\/\/saarteturism.ee\/en\/wp-json\/wp\/v2\/media?parent=7619"}],"wp:term":[{"taxonomy":"product_brand","embeddable":true,"href":"https:\/\/saarteturism.ee\/en\/wp-json\/wp\/v2\/product_brand?post=7619"},{"taxonomy":"product_cat","embeddable":true,"href":"https:\/\/saarteturism.ee\/en\/wp-json\/wp\/v2\/product_cat?post=7619"},{"taxonomy":"product_tag","embeddable":true,"href":"https:\/\/saarteturism.ee\/en\/wp-json\/wp\/v2\/product_tag?post=7619"}],"curies":[{"name":"wp","href":"https:\/\/api.w.org\/{rel}","templated":true}]}}