{"id":7590,"date":"2015-05-30T13:07:57","date_gmt":"2015-05-30T10:07:57","guid":{"rendered":"https:\/\/saarteturism.ee\/?post_type=product&#038;p=7590"},"modified":"2015-05-30T13:16:32","modified_gmt":"2015-05-30T10:16:32","slug":"tule-ja-avasta-mitmenaoline-aegna","status":"publish","type":"product","link":"https:\/\/saarteturism.ee\/en\/toode\/tule-ja-avasta-mitmenaoline-aegna\/","title":{"rendered":"Tule ja avasta mitmen\u00e4oline Aegna!"},"content":{"rendered":"<p>Aegna saare matk kestab orienteeruvalt 10 tundi, millest 2 tundi on laevas\u00f5it.<\/p>\n<p><span style=\"color: #003366;\"><strong>Matka ajakava:<\/strong><\/span><\/p>\n<p>10.00 Algab s\u00f5it laevaga Aegnale, mis kestab orienteeruvalt tund aega.<\/p>\n<p>11.00 Saabume saarele, kus teeme 5-6 kilomeetri pikkuse matka, mille jooksul n\u00e4eme suurt kivik\u00fclvi, uudistame v\u00e4ga erip\u00e4rast kalmistut ning vaatame erinevaid militaarobjekte. Matka vahepeal, sobival ajal, peame ka pikniku.<\/p>\n<p>18.30 Lahkume saarelt.<\/p>\n<p>19.30 Tagasi mandril.<\/p>\n<p><span style=\"color: #003366;\"><strong>Hind:<\/strong><\/span> 32\u20ac inimene<\/p>\n<p><span style=\"color: #003366;\"><strong>Hind sisaldab:<\/strong><\/span> laevatransport Aegna saarele ja tagasi, reisisaatjat kogu ekskursiooni v\u00e4ltel ja giidi.<\/p>\n<p><span style=\"color: #000080;\"><strong><span style=\"color: #003366;\">Lisainfo:<\/span> <\/strong><\/span>kaasa oma s\u00f6\u00f6k ja jook vms (saarel on vajadusel v\u00f5imalus pudelit t\u00e4ita kaevuveega). Piknikukorvi saab j\u00e4tta sadamas kindlasse kohta hoiule, et ei peaks terve retke ajal k\u00f5ike kaasas tassima, v\u00f5imalus ka kasutada k\u00fclmkappi. Pausi ajal tuuakse k\u00f5ik vajalik piknikukohta.<\/p>\n<p><span style=\"color: #003366;\"><strong>NB:<\/strong> <\/span>\u00a0Riietuda vastavalt ilmastikuoludele ning jalga mugavad jalan\u00f5ud. Tuleb arvestada, et p\u00e4ev on pikk ning suurema osa sellest ajast viibime matkates. Sadamamajas paikneb ka Vabatahtlik Reservp\u00e4\u00e4ster\u00fchm (RPR), kes tagab \u00f6\u00f6p\u00e4evaringse esmaabi.<\/p>\n<h2><span style=\"color: #003366;\"><strong>Aegna saar oma mitmekesisusega on kindlasti k\u00fclastamist v\u00e4\u00e4rt!<\/strong><\/span><\/h2>\n<p>Matk toimub minimaalselt 10 inimese osav\u00f5tul. Ettev\u00f5te\u00a0ei saa vastutada s\u00f5idugraafikust k\u00f5rvalekaldumise v\u00f5i matka \u00e4raj\u00e4\u00e4mise eest, mis on tingitud ilmastikutingimustest.<\/p>\n<h5><\/h5>\n","protected":false},"excerpt":{"rendered":"<p>Aegna saare matk kestab orienteeruvalt 10 tundi, millest 2 tundi on laevas\u00f5it. Matka ajakava: 10.00 Algab s\u00f5it laevaga Aegnale, mis kestab orienteeruvalt tund aega. 11.00 Saabume saarele, kus teeme 5-6 kilomeetri pikkuse matka, mille jooksul n\u00e4eme suurt kivik\u00fclvi, uudistame v\u00e4ga&hellip; <\/p>\n","protected":false},"featured_media":7396,"comment_status":"closed","ping_status":"closed","template":"","meta":{"inline_featured_image":false},"product_brand":[],"product_cat":[49],"product_tag":[],"class_list":{"0":"post-7590","1":"product","2":"type-product","3":"status-publish","4":"has-post-thumbnail","6":"product_cat-uncategorized","8":"first","9":"instock","10":"shipping-taxable","11":"purchasable","12":"product-type-simple"},"aioseo_notices":[],"_links":{"self":[{"href":"https:\/\/saarteturism.ee\/en\/wp-json\/wp\/v2\/product\/7590","targetHints":{"allow":["GET"]}}],"collection":[{"href":"https:\/\/saarteturism.ee\/en\/wp-json\/wp\/v2\/product"}],"about":[{"href":"https:\/\/saarteturism.ee\/en\/wp-json\/wp\/v2\/types\/product"}],"replies":[{"embeddable":true,"href":"https:\/\/saarteturism.ee\/en\/wp-json\/wp\/v2\/comments?post=7590"}],"wp:featuredmedia":[{"embeddable":true,"href":"https:\/\/saarteturism.ee\/en\/wp-json\/wp\/v2\/media\/7396"}],"wp:attachment":[{"href":"https:\/\/saarteturism.ee\/en\/wp-json\/wp\/v2\/media?parent=7590"}],"wp:term":[{"taxonomy":"product_brand","embeddable":true,"href":"https:\/\/saarteturism.ee\/en\/wp-json\/wp\/v2\/product_brand?post=7590"},{"taxonomy":"product_cat","embeddable":true,"href":"https:\/\/saarteturism.ee\/en\/wp-json\/wp\/v2\/product_cat?post=7590"},{"taxonomy":"product_tag","embeddable":true,"href":"https:\/\/saarteturism.ee\/en\/wp-json\/wp\/v2\/product_tag?post=7590"}],"curies":[{"name":"wp","href":"https:\/\/api.w.org\/{rel}","templated":true}]}}